{"id":3378,"date":"2024-03-16T14:59:00","date_gmt":"2024-03-16T13:59:00","guid":{"rendered":"https:\/\/www.youhuima.de\/de\/?page_id=3378"},"modified":"2024-03-16T22:49:33","modified_gmt":"2024-03-16T21:49:33","slug":"care-concept-care-studenten","status":"publish","type":"page","link":"https:\/\/www.youhuima.de\/de\/care-concept-care-studenten","title":{"rendered":"Care Student Versicherung , privaten Voll-Krankenversicherung f\u00fcr Studenten ab 69 Euro pro Monat"},"content":{"rendered":"\n<p>wir freuen uns, Sie heute \u00fcber eine wichtige Neuerung zum 2. M\u00e4rz in unserer privaten Voll-Krankenversicherung f\u00fcr Studenten <a href=\"https:\/\/www.care-concept.de\/private_studentenversicherung.php?vmnr=004012000G\" target=\"_blank\" rel=\"nofollow\">Care Concept Care Student<\/a>&nbsp;von Care Concept informieren zu k\u00f6nnen.<br \/>Die allgemeine Wartezeit von drei Monaten sowie die spezielle Wartezeit f\u00fcr Zahnbehandlung von acht Monaten fallen f\u00fcr alle Neubeantragungen ab dem 2. M\u00e4rz weg. Das ist besonders attraktiv f\u00fcr ausl\u00e4ndische Studenten, die ohne Vorversicherung direkt aus ihrem Heimatland einreisen.<\/p>\n\n\n\n<p>Hier kostenlos <strong><a href=\"https:\/\/www.care-concept.de\/private_studentenversicherung.php?vmnr=004012000G\" target=\"_blank\" rel=\"noopener nofollow\">Bewerben Care Student<\/a><\/strong><\/p>\n\n\n\n<p><\/p>\n\n\n<div class=\"wp-block-image\">\n<figure class=\"aligncenter\"><a href=\"https:\/\/www.care-concept.de\/private_studentenversicherung.php?vmnr=004012000G\" target=\"_blank\" rel=\"nofollow\"><img loading=\"lazy\" decoding=\"async\" width=\"680\" height=\"205\" src=\"https:\/\/www.youhuima.de\/de\/wp-content\/uploads\/2020\/03\/Care-Concept-Krankenversicherung-f\u00fcr-Studenten--680x205.jpg\" alt=\"\" class=\"wp-image-3379\" srcset=\"https:\/\/www.youhuima.de\/de\/wp-content\/uploads\/2020\/03\/Care-Concept-Krankenversicherung-f\u00fcr-Studenten--680x205.jpg 680w, https:\/\/www.youhuima.de\/de\/wp-content\/uploads\/2020\/03\/Care-Concept-Krankenversicherung-f\u00fcr-Studenten--320x96.jpg 320w, https:\/\/www.youhuima.de\/de\/wp-content\/uploads\/2020\/03\/Care-Concept-Krankenversicherung-f\u00fcr-Studenten--768x231.jpg 768w, https:\/\/www.youhuima.de\/de\/wp-content\/uploads\/2020\/03\/Care-Concept-Krankenversicherung-f\u00fcr-Studenten-.jpg 827w\" sizes=\"auto, (max-width: 680px) 100vw, 680px\" \/><\/a><\/figure>\n<\/div>\n\n\n<p><strong>Preis- und Leistungsvorteile<\/strong><br \/>Die Care Concept&nbsp; Voll-Krankenversicherung (PKV) f\u00fcr ausl\u00e4ndische Studierende Care Student ist in dieser Form einmalig und wird von Universit\u00e4ten und Ausl\u00e4nderbeh\u00f6rden akzeptiert. Im Vergleich zur gesetzlichen Krankenversicherung (GKV) bietet sie unter anderem folgende Preis- und Leistungsvorteile:<\/p>\n\n\n\n<ul class=\"wp-block-list\">\n<li>Monatliche Ersparnis f\u00fcr Studierende unter 30 Jahren von rund 20 EUR, f\u00fcr Studierende ab 30 Jahre sogar 80 EUR<\/li>\n\n\n\n<li>Beim Arzt Privatpatient<\/li>\n\n\n\n<li>Versicherungsschutz in Europa sowie in den ersten vier Wochen eines Auslandsaufenthalts auch weltweit<\/li>\n\n\n\n<li>Krankenhaustage- und Genesungsgeld<\/li>\n<\/ul>\n\n\n\n<p><strong>Care Student Versicherbare Personen<\/strong><br \/>Studierende, Sch\u00fcler und Teilnehmer an studienvorbereitenden Ma\u00dfnahmen (Sprachschule, Studienkolleg, Praktikum) zwischen 12 und 34 Jahren k\u00f6nnen sich versichern. Care Concept Care Student ist f\u00fcr f\u00fcnf Jahre abschlie\u00dfbar, danach erfolgt eine Umstellung auf den Tarif KVS1 der HanseMerkur Krankenversicherung AG.<\/p>\n\n\n\n<p>Der Selbstbehalt betr\u00e4gt 300 EUR je Kalenderjahr. Versicherte erhalten in der Krankenversicherung eine Beitragsgarantie und bei Pflichtigkeit auch eine Pflegepflichtversicherung.<\/p>\n\n\n\n<p>Weitere Informationen zum Care Student finden Sie auch unter <a href=\"https:\/\/www.care-concept.de\/private_studentenversicherung.php?vmnr=004012000G\" target=\"_blank\" rel=\"nofollow\">Krankenversicherung Care Student<\/a><\/p>\n","protected":false},"excerpt":{"rendered":"<p>wir freuen uns, Sie heute \u00fcber eine wichtige Neuerung z [&hellip;]<\/p>\n","protected":false},"author":1,"featured_media":0,"parent":0,"menu_order":0,"comment_status":"closed","ping_status":"closed","template":"","meta":{"footnotes":""},"class_list":["post-3378","page","type-page","status-publish","hentry"],"yoast_head":"<!-- This site is optimized with the Yoast SEO plugin v27.4 - https:\/\/yoast.com\/product\/yoast-seo-wordpress\/ -->\n<title>Care Student Versicherung , privaten Voll-Krankenversicherung f\u00fcr Studenten ab 69 Euro pro Monat<\/title>\n<meta name=\"robots\" content=\"index, follow, max-snippet:-1, max-image-preview:large, max-video-preview:-1\" \/>\n<link rel=\"canonical\" href=\"https:\/\/www.youhuima.de\/de\/care-concept-care-studenten\" \/>\n<meta property=\"og:locale\" content=\"zh_CN\" \/>\n<meta property=\"og:type\" content=\"article\" \/>\n<meta property=\"og:title\" content=\"Care Student Versicherung , privaten Voll-Krankenversicherung f\u00fcr Studenten ab 69 Euro pro Monat\" \/>\n<meta property=\"og:description\" content=\"wir freuen uns, Sie heute \u00fcber eine wichtige Neuerung z [&hellip;]\" \/>\n<meta property=\"og:url\" content=\"https:\/\/www.youhuima.de\/de\/care-concept-care-studenten\" \/>\n<meta property=\"og:site_name\" content=\"youhuima.de\" \/>\n<meta property=\"article:modified_time\" content=\"2024-03-16T21:49:33+00:00\" \/>\n<meta name=\"twitter:label1\" content=\"\u9884\u8ba1\u9605\u8bfb\u65f6\u95f4\" \/>\n\t<meta name=\"twitter:data1\" content=\"2 \u5206\" \/>\n<script type=\"application\/ld+json\" class=\"yoast-schema-graph\">{\"@context\":\"https:\\\/\\\/schema.org\",\"@graph\":[{\"@type\":\"WebPage\",\"@id\":\"https:\\\/\\\/www.youhuima.de\\\/de\\\/care-concept-care-studenten\",\"url\":\"https:\\\/\\\/www.youhuima.de\\\/de\\\/care-concept-care-studenten\",\"name\":\"Care Student Versicherung , privaten Voll-Krankenversicherung f\u00fcr Studenten ab 69 Euro pro Monat\",\"isPartOf\":{\"@id\":\"https:\\\/\\\/www.youhuima.de\\\/de\\\/#website\"},\"datePublished\":\"2024-03-16T13:59:00+00:00\",\"dateModified\":\"2024-03-16T21:49:33+00:00\",\"breadcrumb\":{\"@id\":\"https:\\\/\\\/www.youhuima.de\\\/de\\\/care-concept-care-studenten#breadcrumb\"},\"inLanguage\":\"zh-Hans\",\"potentialAction\":[{\"@type\":\"ReadAction\",\"target\":[\"https:\\\/\\\/www.youhuima.de\\\/de\\\/care-concept-care-studenten\"]}]},{\"@type\":\"BreadcrumbList\",\"@id\":\"https:\\\/\\\/www.youhuima.de\\\/de\\\/care-concept-care-studenten#breadcrumb\",\"itemListElement\":[{\"@type\":\"ListItem\",\"position\":1,\"name\":\"Home\",\"item\":\"https:\\\/\\\/www.youhuima.de\\\/de\"},{\"@type\":\"ListItem\",\"position\":2,\"name\":\"Care Student Versicherung , privaten Voll-Krankenversicherung f\u00fcr Studenten ab 69 Euro pro Monat\"}]},{\"@type\":\"WebSite\",\"@id\":\"https:\\\/\\\/www.youhuima.de\\\/de\\\/#website\",\"url\":\"https:\\\/\\\/www.youhuima.de\\\/de\\\/\",\"name\":\"youhuima.de\",\"description\":\"Qualit\u00e4t zum besten Preis\",\"publisher\":{\"@id\":\"https:\\\/\\\/www.youhuima.de\\\/de\\\/#\\\/schema\\\/person\\\/e9d9f59f9ec295381ab9195ba8bbfc91\"},\"potentialAction\":[{\"@type\":\"SearchAction\",\"target\":{\"@type\":\"EntryPoint\",\"urlTemplate\":\"https:\\\/\\\/www.youhuima.de\\\/de\\\/?s={search_term_string}\"},\"query-input\":{\"@type\":\"PropertyValueSpecification\",\"valueRequired\":true,\"valueName\":\"search_term_string\"}}],\"inLanguage\":\"zh-Hans\"},{\"@type\":[\"Person\",\"Organization\"],\"@id\":\"https:\\\/\\\/www.youhuima.de\\\/de\\\/#\\\/schema\\\/person\\\/e9d9f59f9ec295381ab9195ba8bbfc91\",\"name\":\"youhuima\",\"image\":{\"@type\":\"ImageObject\",\"inLanguage\":\"zh-Hans\",\"@id\":\"https:\\\/\\\/secure.gravatar.com\\\/avatar\\\/943ef97491635c19fb70603e214eacbae8707e3938c4d1a205e14108ae77d38c?s=96&d=mm&r=g\",\"url\":\"https:\\\/\\\/secure.gravatar.com\\\/avatar\\\/943ef97491635c19fb70603e214eacbae8707e3938c4d1a205e14108ae77d38c?s=96&d=mm&r=g\",\"contentUrl\":\"https:\\\/\\\/secure.gravatar.com\\\/avatar\\\/943ef97491635c19fb70603e214eacbae8707e3938c4d1a205e14108ae77d38c?s=96&d=mm&r=g\",\"caption\":\"youhuima\"},\"logo\":{\"@id\":\"https:\\\/\\\/secure.gravatar.com\\\/avatar\\\/943ef97491635c19fb70603e214eacbae8707e3938c4d1a205e14108ae77d38c?s=96&d=mm&r=g\"}}]}<\/script>\n<!-- \/ Yoast SEO plugin. -->","yoast_head_json":{"title":"Care Student Versicherung , privaten Voll-Krankenversicherung f\u00fcr Studenten ab 69 Euro pro Monat","robots":{"index":"index","follow":"follow","max-snippet":"max-snippet:-1","max-image-preview":"max-image-preview:large","max-video-preview":"max-video-preview:-1"},"canonical":"https:\/\/www.youhuima.de\/de\/care-concept-care-studenten","og_locale":"zh_CN","og_type":"article","og_title":"Care Student Versicherung , privaten Voll-Krankenversicherung f\u00fcr Studenten ab 69 Euro pro Monat","og_description":"wir freuen uns, Sie heute \u00fcber eine wichtige Neuerung z [&hellip;]","og_url":"https:\/\/www.youhuima.de\/de\/care-concept-care-studenten","og_site_name":"youhuima.de","article_modified_time":"2024-03-16T21:49:33+00:00","twitter_misc":{"\u9884\u8ba1\u9605\u8bfb\u65f6\u95f4":"2 \u5206"},"schema":{"@context":"https:\/\/schema.org","@graph":[{"@type":"WebPage","@id":"https:\/\/www.youhuima.de\/de\/care-concept-care-studenten","url":"https:\/\/www.youhuima.de\/de\/care-concept-care-studenten","name":"Care Student Versicherung , privaten Voll-Krankenversicherung f\u00fcr Studenten ab 69 Euro pro Monat","isPartOf":{"@id":"https:\/\/www.youhuima.de\/de\/#website"},"datePublished":"2024-03-16T13:59:00+00:00","dateModified":"2024-03-16T21:49:33+00:00","breadcrumb":{"@id":"https:\/\/www.youhuima.de\/de\/care-concept-care-studenten#breadcrumb"},"inLanguage":"zh-Hans","potentialAction":[{"@type":"ReadAction","target":["https:\/\/www.youhuima.de\/de\/care-concept-care-studenten"]}]},{"@type":"BreadcrumbList","@id":"https:\/\/www.youhuima.de\/de\/care-concept-care-studenten#breadcrumb","itemListElement":[{"@type":"ListItem","position":1,"name":"Home","item":"https:\/\/www.youhuima.de\/de"},{"@type":"ListItem","position":2,"name":"Care Student Versicherung , privaten Voll-Krankenversicherung f\u00fcr Studenten ab 69 Euro pro Monat"}]},{"@type":"WebSite","@id":"https:\/\/www.youhuima.de\/de\/#website","url":"https:\/\/www.youhuima.de\/de\/","name":"youhuima.de","description":"Qualit\u00e4t zum besten Preis","publisher":{"@id":"https:\/\/www.youhuima.de\/de\/#\/schema\/person\/e9d9f59f9ec295381ab9195ba8bbfc91"},"potentialAction":[{"@type":"SearchAction","target":{"@type":"EntryPoint","urlTemplate":"https:\/\/www.youhuima.de\/de\/?s={search_term_string}"},"query-input":{"@type":"PropertyValueSpecification","valueRequired":true,"valueName":"search_term_string"}}],"inLanguage":"zh-Hans"},{"@type":["Person","Organization"],"@id":"https:\/\/www.youhuima.de\/de\/#\/schema\/person\/e9d9f59f9ec295381ab9195ba8bbfc91","name":"youhuima","image":{"@type":"ImageObject","inLanguage":"zh-Hans","@id":"https:\/\/secure.gravatar.com\/avatar\/943ef97491635c19fb70603e214eacbae8707e3938c4d1a205e14108ae77d38c?s=96&d=mm&r=g","url":"https:\/\/secure.gravatar.com\/avatar\/943ef97491635c19fb70603e214eacbae8707e3938c4d1a205e14108ae77d38c?s=96&d=mm&r=g","contentUrl":"https:\/\/secure.gravatar.com\/avatar\/943ef97491635c19fb70603e214eacbae8707e3938c4d1a205e14108ae77d38c?s=96&d=mm&r=g","caption":"youhuima"},"logo":{"@id":"https:\/\/secure.gravatar.com\/avatar\/943ef97491635c19fb70603e214eacbae8707e3938c4d1a205e14108ae77d38c?s=96&d=mm&r=g"}}]}},"_links":{"self":[{"href":"https:\/\/www.youhuima.de\/de\/wp-json\/wp\/v2\/pages\/3378","targetHints":{"allow":["GET"]}}],"collection":[{"href":"https:\/\/www.youhuima.de\/de\/wp-json\/wp\/v2\/pages"}],"about":[{"href":"https:\/\/www.youhuima.de\/de\/wp-json\/wp\/v2\/types\/page"}],"author":[{"embeddable":true,"href":"https:\/\/www.youhuima.de\/de\/wp-json\/wp\/v2\/users\/1"}],"replies":[{"embeddable":true,"href":"https:\/\/www.youhuima.de\/de\/wp-json\/wp\/v2\/comments?post=3378"}],"version-history":[{"count":4,"href":"https:\/\/www.youhuima.de\/de\/wp-json\/wp\/v2\/pages\/3378\/revisions"}],"predecessor-version":[{"id":3591,"href":"https:\/\/www.youhuima.de\/de\/wp-json\/wp\/v2\/pages\/3378\/revisions\/3591"}],"wp:attachment":[{"href":"https:\/\/www.youhuima.de\/de\/wp-json\/wp\/v2\/media?parent=3378"}],"curies":[{"name":"wp","href":"https:\/\/api.w.org\/{rel}","templated":true}]}}